{"id":136,"date":"2025-06-05T05:51:31","date_gmt":"2025-06-05T05:51:31","guid":{"rendered":"https:\/\/audio-tour.com\/cart\/"},"modified":"2025-06-06T11:04:36","modified_gmt":"2025-06-06T11:04:36","slug":"cart","status":"publish","type":"page","link":"https:\/\/audio-tour.com\/en\/cart\/","title":{"rendered":"Cart"},"content":{"rendered":"\n<div data-block-name=\"woocommerce\/cart\" class=\"wp-block-woocommerce-cart alignwide is-loading\">\n<div data-block-name=\"woocommerce\/filled-cart-block\" class=\"wp-block-woocommerce-filled-cart-block\">\n<div data-block-name=\"woocommerce\/cart-items-block\" class=\"wp-block-woocommerce-cart-items-block\">\n<div data-block-name=\"woocommerce\/cart-line-items-block\" class=\"wp-block-woocommerce-cart-line-items-block\"><\/div>\n\n\n\n<div data-block-name=\"woocommerce\/cart-cross-sells-block\" class=\"wp-block-woocommerce-cart-cross-sells-block\">\n<h2 class=\"wp-block-heading has-large-font-size\">Puede que te interese\u2026<\/h2>\n\n\n\n<div data-block-name=\"woocommerce\/cart-cross-sells-products-block\" class=\"wp-block-woocommerce-cart-cross-sells-products-block\"><\/div>\n<\/div>\n<\/div>\n\n\n\n<div data-block-name=\"woocommerce\/cart-totals-block\" class=\"wp-block-woocommerce-cart-totals-block\">\n<div data-block-name=\"woocommerce\/cart-order-summary-block\" class=\"wp-block-woocommerce-cart-order-summary-block\">\n<div data-block-name=\"woocommerce\/cart-order-summary-heading-block\" class=\"wp-block-woocommerce-cart-order-summary-heading-block\"><\/div><div data-block-name=\"woocommerce\/cart-order-summary-coupon-form-block\" class=\"wp-block-woocommerce-cart-order-summary-coupon-form-block\"><\/div><div data-block-name=\"woocommerce\/cart-order-summary-totals-block\" class=\"wp-block-woocommerce-cart-order-summary-totals-block\">\n<div data-block-name=\"woocommerce\/cart-order-summary-subtotal-block\" class=\"wp-block-woocommerce-cart-order-summary-subtotal-block\"><\/div>\n<div data-block-name=\"woocommerce\/cart-order-summary-discount-block\" class=\"wp-block-woocommerce-cart-order-summary-discount-block\"><\/div>\n<div data-block-name=\"woocommerce\/cart-order-summary-fee-block\" class=\"wp-block-woocommerce-cart-order-summary-fee-block\"><\/div>\n<div data-block-name=\"woocommerce\/cart-order-summary-shipping-block\" class=\"wp-block-woocommerce-cart-order-summary-shipping-block\"><\/div>\n<div data-block-name=\"woocommerce\/cart-order-summary-taxes-block\" class=\"wp-block-woocommerce-cart-order-summary-taxes-block\"><\/div><\/div>\n<\/div>\n\n\n\n<div data-block-name=\"woocommerce\/cart-express-payment-block\" class=\"wp-block-woocommerce-cart-express-payment-block\"><\/div>\n\n\n\n<div data-block-name=\"woocommerce\/proceed-to-checkout-block\" class=\"wp-block-woocommerce-proceed-to-checkout-block\"><\/div>\n\n\n\n<div data-block-name=\"woocommerce\/cart-accepted-payment-methods-block\" class=\"wp-block-woocommerce-cart-accepted-payment-methods-block\"><\/div>\n<\/div>\n<\/div>\n\n\n\n<div data-block-name=\"woocommerce\/empty-cart-block\" class=\"wp-block-woocommerce-empty-cart-block\">\n<h2 class=\"wp-block-heading has-text-align-center with-empty-cart-icon wc-block-cart__empty-cart__title\">\u00a1Tu carrito est\u00e1 actualmente vac\u00edo!<\/h2>\n\n\n\n<hr class=\"wp-block-separator has-alpha-channel-opacity is-style-dots\"\/>\n\n\n\n<h2 class=\"wp-block-heading has-text-align-center\">Nuevo en la tienda<\/h2>\n\n\n<div data-block-name=\"woocommerce\/product-new\" data-columns=\"4\" data-rows=\"1\" class=\"wc-block-grid wp-block-product-new wp-block-woocommerce-product-new wc-block-product-new has-4-columns\"><ul class=\"wc-block-grid__products\"><li class=\"wc-block-grid__product\">\n\t\t\t\t<a href=\"https:\/\/audio-tour.com\/en\/audioguide\/free-audio-guide-of-avila-in-spain\/\" class=\"wc-block-grid__product-link\">\n\t\t\t\t\t\n\t\t\t\t\t<div class=\"wc-block-grid__product-image\"><img loading=\"lazy\" decoding=\"async\" width=\"300\" height=\"300\" src=\"https:\/\/audio-tour.com\/wp-content\/uploads\/2025\/06\/audioguia-de-avila-300x300.png\" class=\"attachment-woocommerce_thumbnail size-woocommerce_thumbnail\" alt=\"Collage cuadrado dividido en cuatro partes. En la esquina superior izquierda, una fotograf\u00eda muestra la majestuosa muralla medieval de \u00c1vila bajo un cielo azul con nubes. En la esquina inferior derecha, una mujer joven escucha una audiogu\u00eda frente a la imponente catedral de \u00c1vila, con auriculares puestos y un dispositivo en la mano. Las esquinas superior derecha e inferior izquierda contienen iconos representativos de las audiogu\u00edas: un perfil con cascos y s\u00edmbolo de audio, y un dispositivo port\u00e1til con auriculares. La imagen combina elementos visuales del patrimonio hist\u00f3rico con recursos modernos de turismo cultural.\" srcset=\"https:\/\/audio-tour.com\/wp-content\/uploads\/2025\/06\/audioguia-de-avila-300x300.png 300w, https:\/\/audio-tour.com\/wp-content\/uploads\/2025\/06\/audioguia-de-avila-150x150.png 150w, https:\/\/audio-tour.com\/wp-content\/uploads\/2025\/06\/audioguia-de-avila-768x768.png 768w, https:\/\/audio-tour.com\/wp-content\/uploads\/2025\/06\/audioguia-de-avila-600x600.png 600w, https:\/\/audio-tour.com\/wp-content\/uploads\/2025\/06\/audioguia-de-avila-100x100.png 100w, https:\/\/audio-tour.com\/wp-content\/uploads\/2025\/06\/audioguia-de-avila.png 1024w\" sizes=\"auto, (max-width: 300px) 100vw, 300px\" \/><\/div>\n\t\t\t\t\t<div class=\"wc-block-grid__product-title\">Free audio guide of \u00c1vila in Spain<div class=\"wcmp-player-container product-276\"><div class=\"wcmp-player-visualizer\"><\/div><audio data-product=\"276\" id=\"276\" preload=\"none\" data-lazyloading=\"auto\" class=\"wcmp-player  mejs-ted\"><source src=\"https:\/\/audio-tour.com\/wp-content\/uploads\/wcmp\/534189fe4eda58a122103110c8b7c55b.mp3\" type=\"audio\/mp3\" \/><\/audio><\/div><\/div>\n\t\t\t\t<\/a>\n\t\t\t\t<div class=\"wc-block-grid__product-price price\"><\/div>\n\t\t\t\t\n\t\t\t\t<div class=\"wp-block-button wc-block-grid__product-add-to-cart\"><a href=\"https:\/\/audio-tour.com\/en\/audioguide\/free-audio-guide-of-avila-in-spain\/\" aria-label=\"Read more about &ldquo;Free audio guide of \u00c1vila in Spain&rdquo;\" data-quantity=\"1\" data-product_id=\"276\" data-product_sku=\"\" data-price=\"0\" rel=\"nofollow\" class=\"wp-block-button__link  add_to_cart_button\">Read more<\/a><\/div>\n\t\t\t<\/li><li class=\"wc-block-grid__product\">\n\t\t\t\t<a href=\"https:\/\/audio-tour.com\/en\/audioguide\/la-puerta-de-alcala\/\" class=\"wc-block-grid__product-link\">\n\t\t\t\t\t\n\t\t\t\t\t<div class=\"wc-block-grid__product-image\"><img loading=\"lazy\" decoding=\"async\" width=\"300\" height=\"300\" src=\"https:\/\/audio-tour.com\/wp-content\/uploads\/2025\/06\/collage-puerta-de-alcala-300x300.png\" class=\"attachment-woocommerce_thumbnail size-woocommerce_thumbnail\" alt=\"Este collage captura nueve vistas de la Puerta de Alcal\u00e1, uno de los monumentos m\u00e1s emblem\u00e1ticos de Madrid. Fotografiada desde distintos \u00e1ngulos y horas del d\u00eda, su imponente estructura neocl\u00e1sica se revela en di\u00e1logo con el cielo, los jardines y el pulso urbano. En el centro, el s\u00edmbolo de una audiogu\u00eda invita a recorrer su historia, desde el siglo d\u00e9cimo octavo hasta nuestros d\u00edas, en una experiencia sonora que conecta pasado y presente en el coraz\u00f3n de la capital espa\u00f1ola.\" srcset=\"https:\/\/audio-tour.com\/wp-content\/uploads\/2025\/06\/collage-puerta-de-alcala-300x300.png 300w, https:\/\/audio-tour.com\/wp-content\/uploads\/2025\/06\/collage-puerta-de-alcala-150x150.png 150w, https:\/\/audio-tour.com\/wp-content\/uploads\/2025\/06\/collage-puerta-de-alcala-768x768.png 768w, https:\/\/audio-tour.com\/wp-content\/uploads\/2025\/06\/collage-puerta-de-alcala-600x600.png 600w, https:\/\/audio-tour.com\/wp-content\/uploads\/2025\/06\/collage-puerta-de-alcala-100x100.png 100w, https:\/\/audio-tour.com\/wp-content\/uploads\/2025\/06\/collage-puerta-de-alcala.png 1024w\" sizes=\"auto, (max-width: 300px) 100vw, 300px\" \/><\/div>\n\t\t\t\t\t<div class=\"wc-block-grid__product-title\">Audio guide:  The puerta de Alcal\u00e1 | Madrid<div class=\"wcmp-player-container product-243\"><div class=\"wcmp-player-visualizer\"><\/div><audio data-product=\"243\" id=\"243\" preload=\"none\" data-lazyloading=\"auto\" class=\"wcmp-player  mejs-ted\"><source src=\"https:\/\/audio-tour.com\/wp-content\/uploads\/wcmp\/e63f9911dea6c84c48b66757d9c313d2.mp3\" type=\"audio\/mp3\" \/><\/audio><\/div><\/div>\n\t\t\t\t<\/a>\n\t\t\t\t<div class=\"wc-block-grid__product-price price\"><\/div>\n\t\t\t\t\n\t\t\t\t<div class=\"wp-block-button wc-block-grid__product-add-to-cart\"><a href=\"https:\/\/audio-tour.com\/en\/audioguide\/la-puerta-de-alcala\/\" aria-label=\"Read more about &ldquo;Audio guide:  The puerta de Alcal\u00e1 | Madrid&rdquo;\" data-quantity=\"1\" data-product_id=\"243\" data-product_sku=\"\" data-price=\"0\" rel=\"nofollow\" class=\"wp-block-button__link  add_to_cart_button\">Read more<\/a><\/div>\n\t\t\t<\/li><\/ul><\/div><\/div>\n<\/div>\n","protected":false},"excerpt":{"rendered":"","protected":false},"author":1,"featured_media":0,"parent":0,"menu_order":0,"comment_status":"closed","ping_status":"closed","template":"","meta":{"footnotes":""},"class_list":["post-136","page","type-page","status-publish"],"yoast_head":"<!-- This site is optimized with the Yoast SEO plugin v27.2 - https:\/\/yoast.com\/product\/yoast-seo-wordpress\/ -->\n<title>Cart - Audio Tour<\/title>\n<meta name=\"robots\" content=\"index, follow, max-snippet:-1, max-image-preview:large, max-video-preview:-1\" \/>\n<link rel=\"canonical\" href=\"https:\/\/audio-tour.com\/en\/cart\/\" \/>\n<meta property=\"og:locale\" content=\"en_US\" \/>\n<meta property=\"og:type\" content=\"article\" \/>\n<meta property=\"og:title\" content=\"Cart - Audio Tour\" \/>\n<meta property=\"og:url\" content=\"https:\/\/audio-tour.com\/en\/cart\/\" \/>\n<meta property=\"og:site_name\" content=\"Audio Tour\" \/>\n<meta property=\"article:modified_time\" content=\"2025-06-06T11:04:36+00:00\" \/>\n<meta name=\"twitter:card\" content=\"summary_large_image\" \/>\n<script type=\"application\/ld+json\" class=\"yoast-schema-graph\">{\"@context\":\"https:\/\/schema.org\",\"@graph\":[{\"@type\":\"WebPage\",\"@id\":\"https:\/\/audio-tour.com\/en\/cart\/\",\"url\":\"https:\/\/audio-tour.com\/en\/cart\/\",\"name\":\"Cart - Audio Tour\",\"isPartOf\":{\"@id\":\"https:\/\/audio-tour.com\/en\/#website\"},\"datePublished\":\"2025-06-05T05:51:31+00:00\",\"dateModified\":\"2025-06-06T11:04:36+00:00\",\"breadcrumb\":{\"@id\":\"https:\/\/audio-tour.com\/en\/cart\/#breadcrumb\"},\"inLanguage\":\"en-US\",\"potentialAction\":[{\"@type\":\"ReadAction\",\"target\":[\"https:\/\/audio-tour.com\/en\/cart\/\"]}]},{\"@type\":\"BreadcrumbList\",\"@id\":\"https:\/\/audio-tour.com\/en\/cart\/#breadcrumb\",\"itemListElement\":[{\"@type\":\"ListItem\",\"position\":1,\"name\":\"Portada\",\"item\":\"https:\/\/audio-tour.com\/en\/\"},{\"@type\":\"ListItem\",\"position\":2,\"name\":\"Cart\"}]},{\"@type\":\"WebSite\",\"@id\":\"https:\/\/audio-tour.com\/en\/#website\",\"url\":\"https:\/\/audio-tour.com\/en\/\",\"name\":\"Audio Tour\",\"description\":\"Audioguides | Audiogu&iacute;as\",\"publisher\":{\"@id\":\"https:\/\/audio-tour.com\/en\/#organization\"},\"potentialAction\":[{\"@type\":\"SearchAction\",\"target\":{\"@type\":\"EntryPoint\",\"urlTemplate\":\"https:\/\/audio-tour.com\/en\/?s={search_term_string}\"},\"query-input\":{\"@type\":\"PropertyValueSpecification\",\"valueRequired\":true,\"valueName\":\"search_term_string\"}}],\"inLanguage\":\"en-US\"},{\"@type\":\"Organization\",\"@id\":\"https:\/\/audio-tour.com\/en\/#organization\",\"name\":\"Audio Tour\",\"url\":\"https:\/\/audio-tour.com\/en\/\",\"logo\":{\"@type\":\"ImageObject\",\"inLanguage\":\"en-US\",\"@id\":\"https:\/\/audio-tour.com\/en\/#\/schema\/logo\/image\/\",\"url\":\"https:\/\/audio-tour.com\/wp-content\/uploads\/2025\/06\/ChatGPT-Image-5-jun-2025-08_59_21.png\",\"contentUrl\":\"https:\/\/audio-tour.com\/wp-content\/uploads\/2025\/06\/ChatGPT-Image-5-jun-2025-08_59_21.png\",\"width\":906,\"height\":659,\"caption\":\"Audio Tour\"},\"image\":{\"@id\":\"https:\/\/audio-tour.com\/en\/#\/schema\/logo\/image\/\"}}]}<\/script>\n<!-- \/ Yoast SEO plugin. -->","yoast_head_json":{"title":"Cart - Audio Tour","robots":{"index":"index","follow":"follow","max-snippet":"max-snippet:-1","max-image-preview":"max-image-preview:large","max-video-preview":"max-video-preview:-1"},"canonical":"https:\/\/audio-tour.com\/en\/cart\/","og_locale":"en_US","og_type":"article","og_title":"Cart - Audio Tour","og_url":"https:\/\/audio-tour.com\/en\/cart\/","og_site_name":"Audio Tour","article_modified_time":"2025-06-06T11:04:36+00:00","twitter_card":"summary_large_image","schema":{"@context":"https:\/\/schema.org","@graph":[{"@type":"WebPage","@id":"https:\/\/audio-tour.com\/en\/cart\/","url":"https:\/\/audio-tour.com\/en\/cart\/","name":"Cart - Audio Tour","isPartOf":{"@id":"https:\/\/audio-tour.com\/en\/#website"},"datePublished":"2025-06-05T05:51:31+00:00","dateModified":"2025-06-06T11:04:36+00:00","breadcrumb":{"@id":"https:\/\/audio-tour.com\/en\/cart\/#breadcrumb"},"inLanguage":"en-US","potentialAction":[{"@type":"ReadAction","target":["https:\/\/audio-tour.com\/en\/cart\/"]}]},{"@type":"BreadcrumbList","@id":"https:\/\/audio-tour.com\/en\/cart\/#breadcrumb","itemListElement":[{"@type":"ListItem","position":1,"name":"Portada","item":"https:\/\/audio-tour.com\/en\/"},{"@type":"ListItem","position":2,"name":"Cart"}]},{"@type":"WebSite","@id":"https:\/\/audio-tour.com\/en\/#website","url":"https:\/\/audio-tour.com\/en\/","name":"Audio Tour","description":"Audioguides | Audiogu&iacute;as","publisher":{"@id":"https:\/\/audio-tour.com\/en\/#organization"},"potentialAction":[{"@type":"SearchAction","target":{"@type":"EntryPoint","urlTemplate":"https:\/\/audio-tour.com\/en\/?s={search_term_string}"},"query-input":{"@type":"PropertyValueSpecification","valueRequired":true,"valueName":"search_term_string"}}],"inLanguage":"en-US"},{"@type":"Organization","@id":"https:\/\/audio-tour.com\/en\/#organization","name":"Audio Tour","url":"https:\/\/audio-tour.com\/en\/","logo":{"@type":"ImageObject","inLanguage":"en-US","@id":"https:\/\/audio-tour.com\/en\/#\/schema\/logo\/image\/","url":"https:\/\/audio-tour.com\/wp-content\/uploads\/2025\/06\/ChatGPT-Image-5-jun-2025-08_59_21.png","contentUrl":"https:\/\/audio-tour.com\/wp-content\/uploads\/2025\/06\/ChatGPT-Image-5-jun-2025-08_59_21.png","width":906,"height":659,"caption":"Audio Tour"},"image":{"@id":"https:\/\/audio-tour.com\/en\/#\/schema\/logo\/image\/"}}]}},"_links":{"self":[{"href":"https:\/\/audio-tour.com\/en\/wp-json\/wp\/v2\/pages\/136","targetHints":{"allow":["GET"]}}],"collection":[{"href":"https:\/\/audio-tour.com\/en\/wp-json\/wp\/v2\/pages"}],"about":[{"href":"https:\/\/audio-tour.com\/en\/wp-json\/wp\/v2\/types\/page"}],"author":[{"embeddable":true,"href":"https:\/\/audio-tour.com\/en\/wp-json\/wp\/v2\/users\/1"}],"replies":[{"embeddable":true,"href":"https:\/\/audio-tour.com\/en\/wp-json\/wp\/v2\/comments?post=136"}],"version-history":[{"count":0,"href":"https:\/\/audio-tour.com\/en\/wp-json\/wp\/v2\/pages\/136\/revisions"}],"wp:attachment":[{"href":"https:\/\/audio-tour.com\/en\/wp-json\/wp\/v2\/media?parent=136"}],"curies":[{"name":"wp","href":"https:\/\/api.w.org\/{rel}","templated":true}]}}